
{"id":236249,"date":"2023-12-12T11:37:37","date_gmt":"2023-12-12T14:37:37","guid":{"rendered":"https:\/\/azerothcomicstore.shop\/index.php\/producto\/20th-century-boys-3\/"},"modified":"2025-11-24T16:12:21","modified_gmt":"2025-11-24T19:12:21","slug":"20th-century-boys-3","status":"publish","type":"product","link":"https:\/\/azerothcomicstore.shop\/index.php\/producto\/20th-century-boys-3\/","title":{"rendered":"20th Century Boys #03"},"content":{"rendered":"<p>\u00a1El robot gigante ya ha sido construido! Y ahora solo espera el gran despertar. Mientras, &#8220;Amigo&#8221; a\u00fan no ha sido identificado, los d\u00edas pasan y la cuenta atr\u00e1s hasta el 31 de diciembre de 2000\u2026 el d\u00eda que la tierra conocer\u00e1 su fin.<\/p>\n<p>Los \u00fanicos que pueden salvar el mundo son los llamados \u2018nueve amigos\u2019, que han escrito \u2018El libro de la profec\u00eda\u2019, durante su infancia.<\/p>\n","protected":false},"excerpt":{"rendered":"<p>\u00a1El robot gigante ya ha sido construido! Y ahora solo espera el gran despertar. Mientras, &#8220;Amigo&#8221; a\u00fan no ha sido identificado, los d\u00edas pasan y la cuenta atr\u00e1s hasta el<\/p>\n","protected":false},"featured_media":236248,"template":"","meta":[],"product_cat":[78],"product_tag":[283,140,134,282,285,274,284],"jetpack_sharing_enabled":true,"_links":{"self":[{"href":"https:\/\/azerothcomicstore.shop\/index.php\/wp-json\/wp\/v2\/product\/236249"}],"collection":[{"href":"https:\/\/azerothcomicstore.shop\/index.php\/wp-json\/wp\/v2\/product"}],"about":[{"href":"https:\/\/azerothcomicstore.shop\/index.php\/wp-json\/wp\/v2\/types\/product"}],"wp:featuredmedia":[{"embeddable":true,"href":"https:\/\/azerothcomicstore.shop\/index.php\/wp-json\/wp\/v2\/media\/236248"}],"wp:attachment":[{"href":"https:\/\/azerothcomicstore.shop\/index.php\/wp-json\/wp\/v2\/media?parent=236249"}],"wp:term":[{"taxonomy":"product_cat","embeddable":true,"href":"https:\/\/azerothcomicstore.shop\/index.php\/wp-json\/wp\/v2\/product_cat?post=236249"},{"taxonomy":"product_tag","embeddable":true,"href":"https:\/\/azerothcomicstore.shop\/index.php\/wp-json\/wp\/v2\/product_tag?post=236249"}],"curies":[{"name":"wp","href":"https:\/\/api.w.org\/{rel}","templated":true}]}}