
{"id":236245,"date":"2023-12-12T11:37:31","date_gmt":"2023-12-12T14:37:31","guid":{"rendered":"https:\/\/azerothcomicstore.shop\/index.php\/producto\/20th-century-boys-1\/"},"modified":"2025-11-24T16:12:21","modified_gmt":"2025-11-24T19:12:21","slug":"20th-century-boys-1","status":"publish","type":"product","link":"https:\/\/azerothcomicstore.shop\/index.php\/producto\/20th-century-boys-1\/","title":{"rendered":"20th Century Boys #01"},"content":{"rendered":"<p>Kenji Endo era un joven con deseos de convertirse en estrella de rock, pero que se ve forzado a dedicarse al negocio familiar -ex licorer\u00eda- y a criar a su sobrinita, ya que su hermana se march\u00f3 cuando ella todav\u00eda era beb\u00e9. Un d\u00eda descubre que un amigo de la infancia, Donkey, se suicid\u00f3 sin explicaci\u00f3n alguna. Kenji comienza a sospechar que hubo algo raro en eso cuando recibe una carta p\u00f3stuma suya, en la que le dice de reencontrarse alg\u00fan d\u00eda, y que encima incluye un dibujo muy extra\u00f1o y a la vez familiar con la pregunta &#8220;\u00bfte acord\u00e1s de este s\u00edmbolo?&#8221;.<\/p>\n<p>Kenji comienza a pensar que el supuesto suicido es en realidad un asesinato encubierto, y va en busca de la verdad, y para ello decide reunir a sus viejos amigos. As\u00ed descubre que ese s\u00edmbolo, usado por el l\u00edder de una secta conocido s\u00f3lo como &#8220;Amigo&#8221;, es exactamente el mismo que ellos hab\u00edan dise\u00f1ado de chicos para la organizaci\u00f3n con la que planeaban salvar el mundo cuando jugaban al mundo en apocalipsis.<\/p>\n<p>Ahora, las amenazas y villanos que combat\u00edan de chicos en su imaginaci\u00f3n (y que dejaron escrito en un cuaderno que luego enterraron) se volvieron reales y aparentemente siguen al pie de la letra la historia que concibieron en su momento. Todo esto llevar\u00e1 a la sangrienta noche del 31 de diciembre de 2000, v\u00edspera del nuevo milenio, donde el paradigma mundial cambiar\u00e1 para siempre y las intrigas seguir\u00e1n en aumento hasta que la sobrina de Kenji (ahora adolescente), junto a nuevos personajes y varios miembros del grupo original, logre desentra\u00f1ar el misterio\u2026 si es que sobrevive para contarlo.<\/p>\n","protected":false},"excerpt":{"rendered":"<p>Kenji Endo era un joven con deseos de convertirse en estrella de rock, pero que se ve forzado a dedicarse al negocio familiar -ex licorer\u00eda- y a criar a su<\/p>\n","protected":false},"featured_media":236244,"template":"","meta":[],"product_cat":[78],"product_tag":[283,140,134,282,285,274,284],"jetpack_sharing_enabled":true,"_links":{"self":[{"href":"https:\/\/azerothcomicstore.shop\/index.php\/wp-json\/wp\/v2\/product\/236245"}],"collection":[{"href":"https:\/\/azerothcomicstore.shop\/index.php\/wp-json\/wp\/v2\/product"}],"about":[{"href":"https:\/\/azerothcomicstore.shop\/index.php\/wp-json\/wp\/v2\/types\/product"}],"wp:featuredmedia":[{"embeddable":true,"href":"https:\/\/azerothcomicstore.shop\/index.php\/wp-json\/wp\/v2\/media\/236244"}],"wp:attachment":[{"href":"https:\/\/azerothcomicstore.shop\/index.php\/wp-json\/wp\/v2\/media?parent=236245"}],"wp:term":[{"taxonomy":"product_cat","embeddable":true,"href":"https:\/\/azerothcomicstore.shop\/index.php\/wp-json\/wp\/v2\/product_cat?post=236245"},{"taxonomy":"product_tag","embeddable":true,"href":"https:\/\/azerothcomicstore.shop\/index.php\/wp-json\/wp\/v2\/product_tag?post=236245"}],"curies":[{"name":"wp","href":"https:\/\/api.w.org\/{rel}","templated":true}]}}