
{"id":236243,"date":"2023-12-12T11:37:28","date_gmt":"2023-12-12T14:37:28","guid":{"rendered":"https:\/\/azerothcomicstore.shop\/index.php\/producto\/10th-3\/"},"modified":"2025-11-24T16:10:15","modified_gmt":"2025-11-24T19:10:15","slug":"10th-3","status":"publish","type":"product","link":"https:\/\/azerothcomicstore.shop\/index.php\/producto\/10th-3\/","title":{"rendered":"10th #03"},"content":{"rendered":"<p>\u00abGracias por enamorarte de m\u00ed.\u00bb<\/p>\n<p>Take, Umeko y Macchan son buenos amigos. A su vez, Take y Umeko son amigos de la infancia y rivales en el amor. Ambos est\u00e1n enamorados de Macchan. Sin embargo, todo empieza a cambiar cuando Umeko se declara a Take. La relaci\u00f3n entre estos tres amigos ir\u00e1 evolucionando poco a poco. Finalmente, Take decide declararse a Macchan&#8230;<\/p>\n<p>\u00a1Este agridulce tri\u00e1ngulo amoroso llega a su fin!<\/p>\n","protected":false},"excerpt":{"rendered":"<p>\u00abGracias por enamorarte de m\u00ed.\u00bb Take, Umeko y Macchan son buenos amigos. A su vez, Take y Umeko son amigos de la infancia y rivales en el amor. Ambos est\u00e1n<\/p>\n","protected":false},"featured_media":236242,"template":"","meta":[],"product_cat":[78],"product_tag":[137,373,278,134,277,276,279,281],"jetpack_sharing_enabled":true,"_links":{"self":[{"href":"https:\/\/azerothcomicstore.shop\/index.php\/wp-json\/wp\/v2\/product\/236243"}],"collection":[{"href":"https:\/\/azerothcomicstore.shop\/index.php\/wp-json\/wp\/v2\/product"}],"about":[{"href":"https:\/\/azerothcomicstore.shop\/index.php\/wp-json\/wp\/v2\/types\/product"}],"wp:featuredmedia":[{"embeddable":true,"href":"https:\/\/azerothcomicstore.shop\/index.php\/wp-json\/wp\/v2\/media\/236242"}],"wp:attachment":[{"href":"https:\/\/azerothcomicstore.shop\/index.php\/wp-json\/wp\/v2\/media?parent=236243"}],"wp:term":[{"taxonomy":"product_cat","embeddable":true,"href":"https:\/\/azerothcomicstore.shop\/index.php\/wp-json\/wp\/v2\/product_cat?post=236243"},{"taxonomy":"product_tag","embeddable":true,"href":"https:\/\/azerothcomicstore.shop\/index.php\/wp-json\/wp\/v2\/product_tag?post=236243"}],"curies":[{"name":"wp","href":"https:\/\/api.w.org\/{rel}","templated":true}]}}