
{"id":236239,"date":"2023-12-12T11:37:22","date_gmt":"2023-12-12T14:37:22","guid":{"rendered":"https:\/\/azerothcomicstore.shop\/index.php\/producto\/10th-1\/"},"modified":"2025-11-24T16:10:14","modified_gmt":"2025-11-24T19:10:14","slug":"10th-1","status":"publish","type":"product","link":"https:\/\/azerothcomicstore.shop\/index.php\/producto\/10th-1\/","title":{"rendered":"10th #01"},"content":{"rendered":"<p>Shota Takeuchi (Take) es un chico que perdi\u00f3 parte de su vida escolar por problemas de salud. Una chica cercana a su familia, Haruko Umezawa (Umeko), lo cuid\u00f3 durante mucho tiempo. Ella simplemente ve su relaci\u00f3n como una amistad que apareci\u00f3 por circunstancias de la vida, no como algo que ella eligi\u00f3.<\/p>\n<p>Tiempo m\u00e1s tarde, Shota ya recuperado es una persona hura\u00f1a y con dificultades para relacionarse con los dem\u00e1s, debido a sus a\u00f1os de reclusi\u00f3n. Pero eso no echa para atr\u00e1s a Yohei Matsuki (Macchan), un chico muy agradable que se acerca a \u00e9l y gana confianza. Ambos chicos pasan cada vez m\u00e1s tiempo juntos y Haruko se da cuenta de que Shota siente algo por Yohei.<\/p>\n<p>Ver el cambio que Yohei produjo en Shota ablanda el coraz\u00f3n de Haruko. Poco a poco se va sintiendo atra\u00edda por Yohei, por su amabilidad y su dulzura.<\/p>\n<p>\u00bfQu\u00e9 pasar\u00e1 cuando Haruko y Shota se den cuenta de que les gusta la misma persona?<\/p>\n","protected":false},"excerpt":{"rendered":"<p>Shota Takeuchi (Take) es un chico que perdi\u00f3 parte de su vida escolar por problemas de salud. Una chica cercana a su familia, Haruko Umezawa (Umeko), lo cuid\u00f3 durante mucho<\/p>\n","protected":false},"featured_media":236238,"template":"","meta":[],"product_cat":[78],"product_tag":[137,373,278,134,277,276,279,281],"jetpack_sharing_enabled":true,"_links":{"self":[{"href":"https:\/\/azerothcomicstore.shop\/index.php\/wp-json\/wp\/v2\/product\/236239"}],"collection":[{"href":"https:\/\/azerothcomicstore.shop\/index.php\/wp-json\/wp\/v2\/product"}],"about":[{"href":"https:\/\/azerothcomicstore.shop\/index.php\/wp-json\/wp\/v2\/types\/product"}],"wp:featuredmedia":[{"embeddable":true,"href":"https:\/\/azerothcomicstore.shop\/index.php\/wp-json\/wp\/v2\/media\/236238"}],"wp:attachment":[{"href":"https:\/\/azerothcomicstore.shop\/index.php\/wp-json\/wp\/v2\/media?parent=236239"}],"wp:term":[{"taxonomy":"product_cat","embeddable":true,"href":"https:\/\/azerothcomicstore.shop\/index.php\/wp-json\/wp\/v2\/product_cat?post=236239"},{"taxonomy":"product_tag","embeddable":true,"href":"https:\/\/azerothcomicstore.shop\/index.php\/wp-json\/wp\/v2\/product_tag?post=236239"}],"curies":[{"name":"wp","href":"https:\/\/api.w.org\/{rel}","templated":true}]}}